{"id":17052,"date":"2024-04-03T11:05:15","date_gmt":"2024-04-03T09:05:15","guid":{"rendered":"https:\/\/meble-halupczok.pl\/rozwiazania\/"},"modified":"2024-05-20T08:50:43","modified_gmt":"2024-05-20T06:50:43","slug":"losninger","status":"publish","type":"page","link":"https:\/\/meble-halupczok.pl\/no\/losninger\/","title":{"rendered":"L\u00f8sninger"},"content":{"rendered":"","protected":false},"excerpt":{"rendered":"","protected":false},"author":1,"featured_media":0,"parent":0,"menu_order":20,"comment_status":"closed","ping_status":"closed","template":"","meta":{"_acf_changed":false,"inline_featured_image":false,"footnotes":""},"class_list":["post-17052","page","type-page","status-publish","hentry"],"acf":[],"yoast_head":"<!-- This site is optimized with the Yoast SEO plugin v27.5 - https:\/\/yoast.com\/product\/yoast-seo-wordpress\/ -->\n<title>L\u00f8sninger | HALUPCZOK<\/title>\n<meta name=\"robots\" content=\"index, follow, max-snippet:-1, max-image-preview:large, max-video-preview:-1\" \/>\n<link rel=\"canonical\" href=\"https:\/\/meble-halupczok.pl\/no\/losninger\/\" \/>\n<meta property=\"og:locale\" content=\"nb_NO\" \/>\n<meta property=\"og:type\" content=\"article\" \/>\n<meta property=\"og:title\" content=\"L\u00f8sninger | HALUPCZOK\" \/>\n<meta property=\"og:url\" content=\"https:\/\/meble-halupczok.pl\/no\/losninger\/\" \/>\n<meta property=\"og:site_name\" content=\"HALUPCZOK\" \/>\n<meta property=\"article:modified_time\" content=\"2024-05-20T06:50:43+00:00\" \/>\n<script type=\"application\/ld+json\" class=\"yoast-schema-graph\">{\"@context\":\"https:\\\/\\\/schema.org\",\"@graph\":[{\"@type\":\"WebPage\",\"@id\":\"https:\\\/\\\/meble-halupczok.pl\\\/no\\\/losninger\\\/\",\"url\":\"https:\\\/\\\/meble-halupczok.pl\\\/no\\\/losninger\\\/\",\"name\":\"L\u00f8sninger | HALUPCZOK\",\"isPartOf\":{\"@id\":\"https:\\\/\\\/meble-halupczok.pl\\\/no\\\/#website\"},\"datePublished\":\"2024-04-03T09:05:15+00:00\",\"dateModified\":\"2024-05-20T06:50:43+00:00\",\"breadcrumb\":{\"@id\":\"https:\\\/\\\/meble-halupczok.pl\\\/no\\\/losninger\\\/#breadcrumb\"},\"inLanguage\":\"nb-NO\",\"potentialAction\":[{\"@type\":\"ReadAction\",\"target\":[\"https:\\\/\\\/meble-halupczok.pl\\\/no\\\/losninger\\\/\"]}]},{\"@type\":\"BreadcrumbList\",\"@id\":\"https:\\\/\\\/meble-halupczok.pl\\\/no\\\/losninger\\\/#breadcrumb\",\"itemListElement\":[{\"@type\":\"ListItem\",\"position\":1,\"name\":\"Strona g\u0142\u00f3wna\",\"item\":\"https:\\\/\\\/meble-halupczok.pl\\\/no\\\/\"},{\"@type\":\"ListItem\",\"position\":2,\"name\":\"L\u00f8sninger\"}]},{\"@type\":\"WebSite\",\"@id\":\"https:\\\/\\\/meble-halupczok.pl\\\/no\\\/#website\",\"url\":\"https:\\\/\\\/meble-halupczok.pl\\\/no\\\/\",\"name\":\"HALUPCZOK\",\"description\":\"Z nami mo\u017cesz urz\u0105dzi\u0107 ka\u017cde wn\u0119trze\",\"alternateName\":\"HALUPCZOK\",\"potentialAction\":[{\"@type\":\"SearchAction\",\"target\":{\"@type\":\"EntryPoint\",\"urlTemplate\":\"https:\\\/\\\/meble-halupczok.pl\\\/no\\\/?s={search_term_string}\"},\"query-input\":{\"@type\":\"PropertyValueSpecification\",\"valueRequired\":true,\"valueName\":\"search_term_string\"}}],\"inLanguage\":\"nb-NO\"}]}<\/script>\n<!-- \/ Yoast SEO plugin. -->","yoast_head_json":{"title":"L\u00f8sninger | HALUPCZOK","robots":{"index":"index","follow":"follow","max-snippet":"max-snippet:-1","max-image-preview":"max-image-preview:large","max-video-preview":"max-video-preview:-1"},"canonical":"https:\/\/meble-halupczok.pl\/no\/losninger\/","og_locale":"nb_NO","og_type":"article","og_title":"L\u00f8sninger | HALUPCZOK","og_url":"https:\/\/meble-halupczok.pl\/no\/losninger\/","og_site_name":"HALUPCZOK","article_modified_time":"2024-05-20T06:50:43+00:00","schema":{"@context":"https:\/\/schema.org","@graph":[{"@type":"WebPage","@id":"https:\/\/meble-halupczok.pl\/no\/losninger\/","url":"https:\/\/meble-halupczok.pl\/no\/losninger\/","name":"L\u00f8sninger | HALUPCZOK","isPartOf":{"@id":"https:\/\/meble-halupczok.pl\/no\/#website"},"datePublished":"2024-04-03T09:05:15+00:00","dateModified":"2024-05-20T06:50:43+00:00","breadcrumb":{"@id":"https:\/\/meble-halupczok.pl\/no\/losninger\/#breadcrumb"},"inLanguage":"nb-NO","potentialAction":[{"@type":"ReadAction","target":["https:\/\/meble-halupczok.pl\/no\/losninger\/"]}]},{"@type":"BreadcrumbList","@id":"https:\/\/meble-halupczok.pl\/no\/losninger\/#breadcrumb","itemListElement":[{"@type":"ListItem","position":1,"name":"Strona g\u0142\u00f3wna","item":"https:\/\/meble-halupczok.pl\/no\/"},{"@type":"ListItem","position":2,"name":"L\u00f8sninger"}]},{"@type":"WebSite","@id":"https:\/\/meble-halupczok.pl\/no\/#website","url":"https:\/\/meble-halupczok.pl\/no\/","name":"HALUPCZOK","description":"Z nami mo\u017cesz urz\u0105dzi\u0107 ka\u017cde wn\u0119trze","alternateName":"HALUPCZOK","potentialAction":[{"@type":"SearchAction","target":{"@type":"EntryPoint","urlTemplate":"https:\/\/meble-halupczok.pl\/no\/?s={search_term_string}"},"query-input":{"@type":"PropertyValueSpecification","valueRequired":true,"valueName":"search_term_string"}}],"inLanguage":"nb-NO"}]}},"_links":{"self":[{"href":"https:\/\/meble-halupczok.pl\/no\/wp-json\/wp\/v2\/pages\/17052","targetHints":{"allow":["GET"]}}],"collection":[{"href":"https:\/\/meble-halupczok.pl\/no\/wp-json\/wp\/v2\/pages"}],"about":[{"href":"https:\/\/meble-halupczok.pl\/no\/wp-json\/wp\/v2\/types\/page"}],"author":[{"embeddable":true,"href":"https:\/\/meble-halupczok.pl\/no\/wp-json\/wp\/v2\/users\/1"}],"replies":[{"embeddable":true,"href":"https:\/\/meble-halupczok.pl\/no\/wp-json\/wp\/v2\/comments?post=17052"}],"version-history":[{"count":0,"href":"https:\/\/meble-halupczok.pl\/no\/wp-json\/wp\/v2\/pages\/17052\/revisions"}],"wp:attachment":[{"href":"https:\/\/meble-halupczok.pl\/no\/wp-json\/wp\/v2\/media?parent=17052"}],"curies":[{"name":"wp","href":"https:\/\/api.w.org\/{rel}","templated":true}]}}