{"id":52337,"date":"2024-06-03T07:44:27","date_gmt":"2024-06-03T05:44:27","guid":{"rendered":"https:\/\/meble-halupczok.pl\/?page_id=52337"},"modified":"2024-10-24T12:51:21","modified_gmt":"2024-10-24T10:51:21","slug":"politica-sulla-riservatezza","status":"publish","type":"page","link":"https:\/\/meble-halupczok.pl\/it\/politica-sulla-riservatezza\/","title":{"rendered":"RODO"},"content":{"rendered":"","protected":false},"excerpt":{"rendered":"","protected":false},"author":4,"featured_media":0,"parent":0,"menu_order":0,"comment_status":"closed","ping_status":"closed","template":"","meta":{"_acf_changed":false,"inline_featured_image":false,"footnotes":""},"class_list":["post-52337","page","type-page","status-publish","hentry"],"acf":[],"yoast_head":"<!-- This site is optimized with the Yoast SEO plugin v27.3 - https:\/\/yoast.com\/product\/yoast-seo-wordpress\/ -->\n<title>Politica Sulla Riservatezza \/ RODO | HALUPCZOK<\/title>\n<meta name=\"robots\" content=\"noindex, follow\" \/>\n<meta property=\"og:locale\" content=\"it_IT\" \/>\n<meta property=\"og:type\" content=\"article\" \/>\n<meta property=\"og:title\" content=\"Politica Sulla Riservatezza \/ RODO | HALUPCZOK\" \/>\n<meta property=\"og:url\" content=\"https:\/\/meble-halupczok.pl\/it\/politica-sulla-riservatezza\/\" \/>\n<meta property=\"og:site_name\" content=\"HALUPCZOK\" \/>\n<meta property=\"article:modified_time\" content=\"2024-10-24T10:51:21+00:00\" \/>\n<script type=\"application\/ld+json\" class=\"yoast-schema-graph\">{\"@context\":\"https:\\\/\\\/schema.org\",\"@graph\":[{\"@type\":\"WebPage\",\"@id\":\"https:\\\/\\\/meble-halupczok.pl\\\/it\\\/politica-sulla-riservatezza\\\/\",\"url\":\"https:\\\/\\\/meble-halupczok.pl\\\/it\\\/politica-sulla-riservatezza\\\/\",\"name\":\"Politica Sulla Riservatezza \\\/ RODO | HALUPCZOK\",\"isPartOf\":{\"@id\":\"https:\\\/\\\/meble-halupczok.pl\\\/it\\\/#website\"},\"datePublished\":\"2024-06-03T05:44:27+00:00\",\"dateModified\":\"2024-10-24T10:51:21+00:00\",\"breadcrumb\":{\"@id\":\"https:\\\/\\\/meble-halupczok.pl\\\/it\\\/politica-sulla-riservatezza\\\/#breadcrumb\"},\"inLanguage\":\"it-IT\",\"potentialAction\":[{\"@type\":\"ReadAction\",\"target\":[\"https:\\\/\\\/meble-halupczok.pl\\\/it\\\/politica-sulla-riservatezza\\\/\"]}]},{\"@type\":\"BreadcrumbList\",\"@id\":\"https:\\\/\\\/meble-halupczok.pl\\\/it\\\/politica-sulla-riservatezza\\\/#breadcrumb\",\"itemListElement\":[{\"@type\":\"ListItem\",\"position\":1,\"name\":\"Strona g\u0142\u00f3wna\",\"item\":\"https:\\\/\\\/meble-halupczok.pl\\\/it\\\/\"},{\"@type\":\"ListItem\",\"position\":2,\"name\":\"RODO\"}]},{\"@type\":\"WebSite\",\"@id\":\"https:\\\/\\\/meble-halupczok.pl\\\/it\\\/#website\",\"url\":\"https:\\\/\\\/meble-halupczok.pl\\\/it\\\/\",\"name\":\"HALUPCZOK\",\"description\":\"Z nami mo\u017cesz urz\u0105dzi\u0107 ka\u017cde wn\u0119trze\",\"alternateName\":\"HALUPCZOK\",\"potentialAction\":[{\"@type\":\"SearchAction\",\"target\":{\"@type\":\"EntryPoint\",\"urlTemplate\":\"https:\\\/\\\/meble-halupczok.pl\\\/it\\\/?s={search_term_string}\"},\"query-input\":{\"@type\":\"PropertyValueSpecification\",\"valueRequired\":true,\"valueName\":\"search_term_string\"}}],\"inLanguage\":\"it-IT\"}]}<\/script>\n<!-- \/ Yoast SEO plugin. -->","yoast_head_json":{"title":"Politica Sulla Riservatezza \/ RODO | HALUPCZOK","robots":{"index":"noindex","follow":"follow"},"og_locale":"it_IT","og_type":"article","og_title":"Politica Sulla Riservatezza \/ RODO | HALUPCZOK","og_url":"https:\/\/meble-halupczok.pl\/it\/politica-sulla-riservatezza\/","og_site_name":"HALUPCZOK","article_modified_time":"2024-10-24T10:51:21+00:00","schema":{"@context":"https:\/\/schema.org","@graph":[{"@type":"WebPage","@id":"https:\/\/meble-halupczok.pl\/it\/politica-sulla-riservatezza\/","url":"https:\/\/meble-halupczok.pl\/it\/politica-sulla-riservatezza\/","name":"Politica Sulla Riservatezza \/ RODO | HALUPCZOK","isPartOf":{"@id":"https:\/\/meble-halupczok.pl\/it\/#website"},"datePublished":"2024-06-03T05:44:27+00:00","dateModified":"2024-10-24T10:51:21+00:00","breadcrumb":{"@id":"https:\/\/meble-halupczok.pl\/it\/politica-sulla-riservatezza\/#breadcrumb"},"inLanguage":"it-IT","potentialAction":[{"@type":"ReadAction","target":["https:\/\/meble-halupczok.pl\/it\/politica-sulla-riservatezza\/"]}]},{"@type":"BreadcrumbList","@id":"https:\/\/meble-halupczok.pl\/it\/politica-sulla-riservatezza\/#breadcrumb","itemListElement":[{"@type":"ListItem","position":1,"name":"Strona g\u0142\u00f3wna","item":"https:\/\/meble-halupczok.pl\/it\/"},{"@type":"ListItem","position":2,"name":"RODO"}]},{"@type":"WebSite","@id":"https:\/\/meble-halupczok.pl\/it\/#website","url":"https:\/\/meble-halupczok.pl\/it\/","name":"HALUPCZOK","description":"Z nami mo\u017cesz urz\u0105dzi\u0107 ka\u017cde wn\u0119trze","alternateName":"HALUPCZOK","potentialAction":[{"@type":"SearchAction","target":{"@type":"EntryPoint","urlTemplate":"https:\/\/meble-halupczok.pl\/it\/?s={search_term_string}"},"query-input":{"@type":"PropertyValueSpecification","valueRequired":true,"valueName":"search_term_string"}}],"inLanguage":"it-IT"}]}},"_links":{"self":[{"href":"https:\/\/meble-halupczok.pl\/it\/wp-json\/wp\/v2\/pages\/52337","targetHints":{"allow":["GET"]}}],"collection":[{"href":"https:\/\/meble-halupczok.pl\/it\/wp-json\/wp\/v2\/pages"}],"about":[{"href":"https:\/\/meble-halupczok.pl\/it\/wp-json\/wp\/v2\/types\/page"}],"author":[{"embeddable":true,"href":"https:\/\/meble-halupczok.pl\/it\/wp-json\/wp\/v2\/users\/4"}],"replies":[{"embeddable":true,"href":"https:\/\/meble-halupczok.pl\/it\/wp-json\/wp\/v2\/comments?post=52337"}],"version-history":[{"count":0,"href":"https:\/\/meble-halupczok.pl\/it\/wp-json\/wp\/v2\/pages\/52337\/revisions"}],"wp:attachment":[{"href":"https:\/\/meble-halupczok.pl\/it\/wp-json\/wp\/v2\/media?parent=52337"}],"curies":[{"name":"wp","href":"https:\/\/api.w.org\/{rel}","templated":true}]}}