{"id":16404,"date":"2024-02-29T11:36:40","date_gmt":"2024-02-29T10:36:40","guid":{"rendered":"https:\/\/meble-halupczok.pl\/wspolpraca-zagraniczna\/"},"modified":"2024-05-17T12:25:35","modified_gmt":"2024-05-17T10:25:35","slug":"cooperazione-internazionale","status":"publish","type":"page","link":"https:\/\/meble-halupczok.pl\/it\/azienda\/cooperazione-internazionale\/","title":{"rendered":"Cooperazione internazionale"},"content":{"rendered":"","protected":false},"excerpt":{"rendered":"","protected":false},"author":1,"featured_media":0,"parent":16537,"menu_order":40,"comment_status":"closed","ping_status":"closed","template":"","meta":{"_acf_changed":false,"inline_featured_image":false,"footnotes":""},"class_list":["post-16404","page","type-page","status-publish","hentry"],"acf":[],"yoast_head":"<!-- This site is optimized with the Yoast SEO plugin v27.3 - https:\/\/yoast.com\/product\/yoast-seo-wordpress\/ -->\n<title>Cooperazione internazionale | HALUPCZOK<\/title>\n<meta name=\"robots\" content=\"index, follow, max-snippet:-1, max-image-preview:large, max-video-preview:-1\" \/>\n<link rel=\"canonical\" href=\"https:\/\/meble-halupczok.pl\/it\/azienda\/cooperazione-internazionale\/\" \/>\n<meta property=\"og:locale\" content=\"it_IT\" \/>\n<meta property=\"og:type\" content=\"article\" \/>\n<meta property=\"og:title\" content=\"Cooperazione internazionale | HALUPCZOK\" \/>\n<meta property=\"og:url\" content=\"https:\/\/meble-halupczok.pl\/it\/azienda\/cooperazione-internazionale\/\" \/>\n<meta property=\"og:site_name\" content=\"HALUPCZOK\" \/>\n<meta property=\"article:modified_time\" content=\"2024-05-17T10:25:35+00:00\" \/>\n<script type=\"application\/ld+json\" class=\"yoast-schema-graph\">{\"@context\":\"https:\\\/\\\/schema.org\",\"@graph\":[{\"@type\":\"WebPage\",\"@id\":\"https:\\\/\\\/meble-halupczok.pl\\\/it\\\/azienda\\\/cooperazione-internazionale\\\/\",\"url\":\"https:\\\/\\\/meble-halupczok.pl\\\/it\\\/azienda\\\/cooperazione-internazionale\\\/\",\"name\":\"Cooperazione internazionale | HALUPCZOK\",\"isPartOf\":{\"@id\":\"https:\\\/\\\/meble-halupczok.pl\\\/it\\\/#website\"},\"datePublished\":\"2024-02-29T10:36:40+00:00\",\"dateModified\":\"2024-05-17T10:25:35+00:00\",\"breadcrumb\":{\"@id\":\"https:\\\/\\\/meble-halupczok.pl\\\/it\\\/azienda\\\/cooperazione-internazionale\\\/#breadcrumb\"},\"inLanguage\":\"it-IT\",\"potentialAction\":[{\"@type\":\"ReadAction\",\"target\":[\"https:\\\/\\\/meble-halupczok.pl\\\/it\\\/azienda\\\/cooperazione-internazionale\\\/\"]}]},{\"@type\":\"BreadcrumbList\",\"@id\":\"https:\\\/\\\/meble-halupczok.pl\\\/it\\\/azienda\\\/cooperazione-internazionale\\\/#breadcrumb\",\"itemListElement\":[{\"@type\":\"ListItem\",\"position\":1,\"name\":\"Strona g\u0142\u00f3wna\",\"item\":\"https:\\\/\\\/meble-halupczok.pl\\\/it\\\/\"},{\"@type\":\"ListItem\",\"position\":2,\"name\":\"Azienda\",\"item\":\"https:\\\/\\\/meble-halupczok.pl\\\/it\\\/azienda\\\/\"},{\"@type\":\"ListItem\",\"position\":3,\"name\":\"Cooperazione internazionale\"}]},{\"@type\":\"WebSite\",\"@id\":\"https:\\\/\\\/meble-halupczok.pl\\\/it\\\/#website\",\"url\":\"https:\\\/\\\/meble-halupczok.pl\\\/it\\\/\",\"name\":\"HALUPCZOK\",\"description\":\"Z nami mo\u017cesz urz\u0105dzi\u0107 ka\u017cde wn\u0119trze\",\"alternateName\":\"HALUPCZOK\",\"potentialAction\":[{\"@type\":\"SearchAction\",\"target\":{\"@type\":\"EntryPoint\",\"urlTemplate\":\"https:\\\/\\\/meble-halupczok.pl\\\/it\\\/?s={search_term_string}\"},\"query-input\":{\"@type\":\"PropertyValueSpecification\",\"valueRequired\":true,\"valueName\":\"search_term_string\"}}],\"inLanguage\":\"it-IT\"}]}<\/script>\n<!-- \/ Yoast SEO plugin. -->","yoast_head_json":{"title":"Cooperazione internazionale | HALUPCZOK","robots":{"index":"index","follow":"follow","max-snippet":"max-snippet:-1","max-image-preview":"max-image-preview:large","max-video-preview":"max-video-preview:-1"},"canonical":"https:\/\/meble-halupczok.pl\/it\/azienda\/cooperazione-internazionale\/","og_locale":"it_IT","og_type":"article","og_title":"Cooperazione internazionale | HALUPCZOK","og_url":"https:\/\/meble-halupczok.pl\/it\/azienda\/cooperazione-internazionale\/","og_site_name":"HALUPCZOK","article_modified_time":"2024-05-17T10:25:35+00:00","schema":{"@context":"https:\/\/schema.org","@graph":[{"@type":"WebPage","@id":"https:\/\/meble-halupczok.pl\/it\/azienda\/cooperazione-internazionale\/","url":"https:\/\/meble-halupczok.pl\/it\/azienda\/cooperazione-internazionale\/","name":"Cooperazione internazionale | HALUPCZOK","isPartOf":{"@id":"https:\/\/meble-halupczok.pl\/it\/#website"},"datePublished":"2024-02-29T10:36:40+00:00","dateModified":"2024-05-17T10:25:35+00:00","breadcrumb":{"@id":"https:\/\/meble-halupczok.pl\/it\/azienda\/cooperazione-internazionale\/#breadcrumb"},"inLanguage":"it-IT","potentialAction":[{"@type":"ReadAction","target":["https:\/\/meble-halupczok.pl\/it\/azienda\/cooperazione-internazionale\/"]}]},{"@type":"BreadcrumbList","@id":"https:\/\/meble-halupczok.pl\/it\/azienda\/cooperazione-internazionale\/#breadcrumb","itemListElement":[{"@type":"ListItem","position":1,"name":"Strona g\u0142\u00f3wna","item":"https:\/\/meble-halupczok.pl\/it\/"},{"@type":"ListItem","position":2,"name":"Azienda","item":"https:\/\/meble-halupczok.pl\/it\/azienda\/"},{"@type":"ListItem","position":3,"name":"Cooperazione internazionale"}]},{"@type":"WebSite","@id":"https:\/\/meble-halupczok.pl\/it\/#website","url":"https:\/\/meble-halupczok.pl\/it\/","name":"HALUPCZOK","description":"Z nami mo\u017cesz urz\u0105dzi\u0107 ka\u017cde wn\u0119trze","alternateName":"HALUPCZOK","potentialAction":[{"@type":"SearchAction","target":{"@type":"EntryPoint","urlTemplate":"https:\/\/meble-halupczok.pl\/it\/?s={search_term_string}"},"query-input":{"@type":"PropertyValueSpecification","valueRequired":true,"valueName":"search_term_string"}}],"inLanguage":"it-IT"}]}},"_links":{"self":[{"href":"https:\/\/meble-halupczok.pl\/it\/wp-json\/wp\/v2\/pages\/16404","targetHints":{"allow":["GET"]}}],"collection":[{"href":"https:\/\/meble-halupczok.pl\/it\/wp-json\/wp\/v2\/pages"}],"about":[{"href":"https:\/\/meble-halupczok.pl\/it\/wp-json\/wp\/v2\/types\/page"}],"author":[{"embeddable":true,"href":"https:\/\/meble-halupczok.pl\/it\/wp-json\/wp\/v2\/users\/1"}],"replies":[{"embeddable":true,"href":"https:\/\/meble-halupczok.pl\/it\/wp-json\/wp\/v2\/comments?post=16404"}],"version-history":[{"count":0,"href":"https:\/\/meble-halupczok.pl\/it\/wp-json\/wp\/v2\/pages\/16404\/revisions"}],"up":[{"embeddable":true,"href":"https:\/\/meble-halupczok.pl\/it\/wp-json\/wp\/v2\/pages\/16537"}],"wp:attachment":[{"href":"https:\/\/meble-halupczok.pl\/it\/wp-json\/wp\/v2\/media?parent=16404"}],"curies":[{"name":"wp","href":"https:\/\/api.w.org\/{rel}","templated":true}]}}