{"id":16536,"date":"2024-02-29T10:15:33","date_gmt":"2024-02-29T09:15:33","guid":{"rendered":"https:\/\/meble-halupczok.pl\/firma\/"},"modified":"2024-06-11T14:17:17","modified_gmt":"2024-06-11T12:17:17","slug":"spolecnost","status":"publish","type":"page","link":"https:\/\/meble-halupczok.pl\/cs\/spolecnost\/","title":{"rendered":"Spolecnost"},"content":{"rendered":"","protected":false},"excerpt":{"rendered":"","protected":false},"author":1,"featured_media":0,"parent":0,"menu_order":30,"comment_status":"closed","ping_status":"closed","template":"","meta":{"_acf_changed":false,"inline_featured_image":false,"footnotes":""},"class_list":["post-16536","page","type-page","status-publish","hentry"],"acf":[],"yoast_head":"<!-- This site is optimized with the Yoast SEO plugin v27.3 - https:\/\/yoast.com\/product\/yoast-seo-wordpress\/ -->\n<title>Spolecnost | HALUPCZOK<\/title>\n<meta name=\"robots\" content=\"noindex, follow\" \/>\n<meta property=\"og:locale\" content=\"cs_CZ\" \/>\n<meta property=\"og:type\" content=\"article\" \/>\n<meta property=\"og:title\" content=\"Spolecnost | HALUPCZOK\" \/>\n<meta property=\"og:url\" content=\"https:\/\/meble-halupczok.pl\/cs\/spolecnost\/\" \/>\n<meta property=\"og:site_name\" content=\"HALUPCZOK\" \/>\n<meta property=\"article:modified_time\" content=\"2024-06-11T12:17:17+00:00\" \/>\n<script type=\"application\/ld+json\" class=\"yoast-schema-graph\">{\"@context\":\"https:\\\/\\\/schema.org\",\"@graph\":[{\"@type\":\"WebPage\",\"@id\":\"https:\\\/\\\/meble-halupczok.pl\\\/cs\\\/spolecnost\\\/\",\"url\":\"https:\\\/\\\/meble-halupczok.pl\\\/cs\\\/spolecnost\\\/\",\"name\":\"Spolecnost | HALUPCZOK\",\"isPartOf\":{\"@id\":\"https:\\\/\\\/meble-halupczok.pl\\\/cs\\\/#website\"},\"datePublished\":\"2024-02-29T09:15:33+00:00\",\"dateModified\":\"2024-06-11T12:17:17+00:00\",\"breadcrumb\":{\"@id\":\"https:\\\/\\\/meble-halupczok.pl\\\/cs\\\/spolecnost\\\/#breadcrumb\"},\"inLanguage\":\"cs\",\"potentialAction\":[{\"@type\":\"ReadAction\",\"target\":[\"https:\\\/\\\/meble-halupczok.pl\\\/cs\\\/spolecnost\\\/\"]}]},{\"@type\":\"BreadcrumbList\",\"@id\":\"https:\\\/\\\/meble-halupczok.pl\\\/cs\\\/spolecnost\\\/#breadcrumb\",\"itemListElement\":[{\"@type\":\"ListItem\",\"position\":1,\"name\":\"Strona g\u0142\u00f3wna\",\"item\":\"https:\\\/\\\/meble-halupczok.pl\\\/cs\\\/\"},{\"@type\":\"ListItem\",\"position\":2,\"name\":\"Spolecnost\"}]},{\"@type\":\"WebSite\",\"@id\":\"https:\\\/\\\/meble-halupczok.pl\\\/cs\\\/#website\",\"url\":\"https:\\\/\\\/meble-halupczok.pl\\\/cs\\\/\",\"name\":\"HALUPCZOK\",\"description\":\"Z nami mo\u017cesz urz\u0105dzi\u0107 ka\u017cde wn\u0119trze\",\"alternateName\":\"HALUPCZOK\",\"potentialAction\":[{\"@type\":\"SearchAction\",\"target\":{\"@type\":\"EntryPoint\",\"urlTemplate\":\"https:\\\/\\\/meble-halupczok.pl\\\/cs\\\/?s={search_term_string}\"},\"query-input\":{\"@type\":\"PropertyValueSpecification\",\"valueRequired\":true,\"valueName\":\"search_term_string\"}}],\"inLanguage\":\"cs\"}]}<\/script>\n<!-- \/ Yoast SEO plugin. -->","yoast_head_json":{"title":"Spolecnost | HALUPCZOK","robots":{"index":"noindex","follow":"follow"},"og_locale":"cs_CZ","og_type":"article","og_title":"Spolecnost | HALUPCZOK","og_url":"https:\/\/meble-halupczok.pl\/cs\/spolecnost\/","og_site_name":"HALUPCZOK","article_modified_time":"2024-06-11T12:17:17+00:00","schema":{"@context":"https:\/\/schema.org","@graph":[{"@type":"WebPage","@id":"https:\/\/meble-halupczok.pl\/cs\/spolecnost\/","url":"https:\/\/meble-halupczok.pl\/cs\/spolecnost\/","name":"Spolecnost | HALUPCZOK","isPartOf":{"@id":"https:\/\/meble-halupczok.pl\/cs\/#website"},"datePublished":"2024-02-29T09:15:33+00:00","dateModified":"2024-06-11T12:17:17+00:00","breadcrumb":{"@id":"https:\/\/meble-halupczok.pl\/cs\/spolecnost\/#breadcrumb"},"inLanguage":"cs","potentialAction":[{"@type":"ReadAction","target":["https:\/\/meble-halupczok.pl\/cs\/spolecnost\/"]}]},{"@type":"BreadcrumbList","@id":"https:\/\/meble-halupczok.pl\/cs\/spolecnost\/#breadcrumb","itemListElement":[{"@type":"ListItem","position":1,"name":"Strona g\u0142\u00f3wna","item":"https:\/\/meble-halupczok.pl\/cs\/"},{"@type":"ListItem","position":2,"name":"Spolecnost"}]},{"@type":"WebSite","@id":"https:\/\/meble-halupczok.pl\/cs\/#website","url":"https:\/\/meble-halupczok.pl\/cs\/","name":"HALUPCZOK","description":"Z nami mo\u017cesz urz\u0105dzi\u0107 ka\u017cde wn\u0119trze","alternateName":"HALUPCZOK","potentialAction":[{"@type":"SearchAction","target":{"@type":"EntryPoint","urlTemplate":"https:\/\/meble-halupczok.pl\/cs\/?s={search_term_string}"},"query-input":{"@type":"PropertyValueSpecification","valueRequired":true,"valueName":"search_term_string"}}],"inLanguage":"cs"}]}},"_links":{"self":[{"href":"https:\/\/meble-halupczok.pl\/cs\/wp-json\/wp\/v2\/pages\/16536","targetHints":{"allow":["GET"]}}],"collection":[{"href":"https:\/\/meble-halupczok.pl\/cs\/wp-json\/wp\/v2\/pages"}],"about":[{"href":"https:\/\/meble-halupczok.pl\/cs\/wp-json\/wp\/v2\/types\/page"}],"author":[{"embeddable":true,"href":"https:\/\/meble-halupczok.pl\/cs\/wp-json\/wp\/v2\/users\/1"}],"replies":[{"embeddable":true,"href":"https:\/\/meble-halupczok.pl\/cs\/wp-json\/wp\/v2\/comments?post=16536"}],"version-history":[{"count":0,"href":"https:\/\/meble-halupczok.pl\/cs\/wp-json\/wp\/v2\/pages\/16536\/revisions"}],"wp:attachment":[{"href":"https:\/\/meble-halupczok.pl\/cs\/wp-json\/wp\/v2\/media?parent=16536"}],"curies":[{"name":"wp","href":"https:\/\/api.w.org\/{rel}","templated":true}]}}